{"id":103,"date":"2021-08-19T21:10:44","date_gmt":"2021-08-19T20:10:44","guid":{"rendered":"https:\/\/musikkapelle-salchendorf.de\/cf2\/?page_id=103"},"modified":"2024-11-13T16:13:21","modified_gmt":"2024-11-13T15:13:21","slug":"ueber-uns-3","status":"publish","type":"page","link":"https:\/\/musikkapelle-salchendorf.de\/cf2\/ueber-uns-3\/","title":{"rendered":"\u00dcber Uns"},"content":{"rendered":"\n<p>2000 wurde das \u201e<strong>CRAVALLO FFORTISSIMO<\/strong>\u201c, das Jugendorchester der Musikkapelle Salchendorf gegr\u00fcndet. 8 Jahre sp\u00e4ter schlossen sich die Jugendorchester Werthenbach und Salchendorf zu einem Gemeinschaftsjugendorchester zusammen. Geleitet wurden die \u201eCravallos\u201c von der Dirigentin Jessica Hanrath. W\u00e4hrend der Corona Zeit war es ruhiger um das Jugendorchester, doch jetzt starten wir\u00a0mit den neuen Partnern Irmgarteichen und Walpersdorf wieder voll durch und bilden ein neues Jugendorchester.<\/p>\n\n\n\n<p>Hier erlernt ihr ein Instrument im Einzelunterricht und k\u00f6nnt auch w\u00e4hrend dieser Zeit schon an unterschiedlichen Gemeinschaftsaktivit\u00e4ten teilnehmen. Nach Erlangung einiger Grundkenntnisse, werdet ihr dann, versetzt zum Einzelunterricht, in den gemeinsamen Proben des Jugendorchesters eure musikalischen F\u00e4higkeiten zusammen weiterentwickeln.<\/p>\n\n\n\n<p>Denn eine gute <strong>Jugendausbildung<\/strong> ist f\u00fcr das Bestehen und die Zukunft der Musikkapellen existenziell.<br>Dabei unternehmen wir immer wieder Probewochenenden, Fahrten, Ausfl\u00fcge und andere Freizeitaktivit\u00e4ten, die <strong>Spa\u00df<\/strong> machen und <strong>zusammenschwei\u00dfen<\/strong>.<\/p>\n\n\n\n<p>Au\u00dferdem k\u00f6nnt ihr an Ausbildungslehrg\u00e4ngen (D1, D2 und D3), die vom Volksmusikerbund angeboten werden, teilnehmen.<\/p>\n\n\n\n<p>Wir, das <strong>JUGENDORCHESTER<\/strong> cravallo ffortissimo, sind also die Musiker von Morgen!<\/p>\n","protected":false},"excerpt":{"rendered":"<p>2000 wurde das \u201eCRAVALLO FFORTISSIMO\u201c, das Jugendorchester der Musikkapelle Salchendorf gegr\u00fcndet. 8 Jahre sp\u00e4ter schlossen sich die Jugendorchester Werthenbach und Salchendorf zu einem Gemeinschaftsjugendorchester zusammen. Geleitet wurden die \u201eCravallos\u201c von der Dirigentin Jessica Hanrath. W\u00e4hrend der Corona Zeit war es ruhiger um das Jugendorchester, doch jetzt starten wir\u00a0mit den neuen Partnern Irmgarteichen und Walpersdorf wieder [&hellip;]<\/p>\n","protected":false},"author":2,"featured_media":0,"parent":0,"menu_order":0,"comment_status":"closed","ping_status":"closed","template":"","meta":{"footnotes":""},"yoast_head":"<!-- This site is optimized with the Yoast SEO plugin v23.3 - https:\/\/yoast.com\/wordpress\/plugins\/seo\/ -->\n<title>\u00dcber Uns - CRAVALLO FFORTISSIMO<\/title>\n<meta name=\"robots\" content=\"index, follow, max-snippet:-1, max-image-preview:large, max-video-preview:-1\" \/>\n<link rel=\"canonical\" href=\"https:\/\/musikkapelle-salchendorf.de\/cf2\/ueber-uns-3\/\" \/>\n<meta property=\"og:locale\" content=\"de_DE\" \/>\n<meta property=\"og:type\" content=\"article\" \/>\n<meta property=\"og:title\" content=\"\u00dcber Uns - CRAVALLO FFORTISSIMO\" \/>\n<meta property=\"og:description\" content=\"2000 wurde das \u201eCRAVALLO FFORTISSIMO\u201c, das Jugendorchester der Musikkapelle Salchendorf gegr\u00fcndet. 8 Jahre sp\u00e4ter schlossen sich die Jugendorchester Werthenbach und Salchendorf zu einem Gemeinschaftsjugendorchester zusammen. Geleitet wurden die \u201eCravallos\u201c von der Dirigentin Jessica Hanrath. W\u00e4hrend der Corona Zeit war es ruhiger um das Jugendorchester, doch jetzt starten wir\u00a0mit den neuen Partnern Irmgarteichen und Walpersdorf wieder [&hellip;]\" \/>\n<meta property=\"og:url\" content=\"https:\/\/musikkapelle-salchendorf.de\/cf2\/ueber-uns-3\/\" \/>\n<meta property=\"og:site_name\" content=\"CRAVALLO FFORTISSIMO\" \/>\n<meta property=\"article:modified_time\" content=\"2024-11-13T15:13:21+00:00\" \/>\n<meta name=\"twitter:card\" content=\"summary_large_image\" \/>\n<meta name=\"twitter:label1\" content=\"Gesch\u00e4tzte Lesezeit\" \/>\n\t<meta name=\"twitter:data1\" content=\"1\u00a0Minute\" \/>\n<script type=\"application\/ld+json\" class=\"yoast-schema-graph\">{\"@context\":\"https:\/\/schema.org\",\"@graph\":[{\"@type\":\"WebPage\",\"@id\":\"https:\/\/musikkapelle-salchendorf.de\/cf2\/ueber-uns-3\/\",\"url\":\"https:\/\/musikkapelle-salchendorf.de\/cf2\/ueber-uns-3\/\",\"name\":\"\u00dcber Uns - CRAVALLO FFORTISSIMO\",\"isPartOf\":{\"@id\":\"https:\/\/musikkapelle-salchendorf.de\/cf2\/#website\"},\"datePublished\":\"2021-08-19T20:10:44+00:00\",\"dateModified\":\"2024-11-13T15:13:21+00:00\",\"breadcrumb\":{\"@id\":\"https:\/\/musikkapelle-salchendorf.de\/cf2\/ueber-uns-3\/#breadcrumb\"},\"inLanguage\":\"de\",\"potentialAction\":[{\"@type\":\"ReadAction\",\"target\":[\"https:\/\/musikkapelle-salchendorf.de\/cf2\/ueber-uns-3\/\"]}]},{\"@type\":\"BreadcrumbList\",\"@id\":\"https:\/\/musikkapelle-salchendorf.de\/cf2\/ueber-uns-3\/#breadcrumb\",\"itemListElement\":[{\"@type\":\"ListItem\",\"position\":1,\"name\":\"Startseite\",\"item\":\"https:\/\/musikkapelle-salchendorf.de\/cf2\/\"},{\"@type\":\"ListItem\",\"position\":2,\"name\":\"\u00dcber Uns\"}]},{\"@type\":\"WebSite\",\"@id\":\"https:\/\/musikkapelle-salchendorf.de\/cf2\/#website\",\"url\":\"https:\/\/musikkapelle-salchendorf.de\/cf2\/\",\"name\":\"CRAVALLO FFORTISSIMO\",\"description\":\"Jugendorchester der Musikkapellen Salchendorf und Werthenbach\",\"potentialAction\":[{\"@type\":\"SearchAction\",\"target\":{\"@type\":\"EntryPoint\",\"urlTemplate\":\"https:\/\/musikkapelle-salchendorf.de\/cf2\/?s={search_term_string}\"},\"query-input\":\"required name=search_term_string\"}],\"inLanguage\":\"de\"}]}<\/script>\n<!-- \/ Yoast SEO plugin. -->","yoast_head_json":{"title":"\u00dcber Uns - CRAVALLO FFORTISSIMO","robots":{"index":"index","follow":"follow","max-snippet":"max-snippet:-1","max-image-preview":"max-image-preview:large","max-video-preview":"max-video-preview:-1"},"canonical":"https:\/\/musikkapelle-salchendorf.de\/cf2\/ueber-uns-3\/","og_locale":"de_DE","og_type":"article","og_title":"\u00dcber Uns - CRAVALLO FFORTISSIMO","og_description":"2000 wurde das \u201eCRAVALLO FFORTISSIMO\u201c, das Jugendorchester der Musikkapelle Salchendorf gegr\u00fcndet. 8 Jahre sp\u00e4ter schlossen sich die Jugendorchester Werthenbach und Salchendorf zu einem Gemeinschaftsjugendorchester zusammen. Geleitet wurden die \u201eCravallos\u201c von der Dirigentin Jessica Hanrath. W\u00e4hrend der Corona Zeit war es ruhiger um das Jugendorchester, doch jetzt starten wir\u00a0mit den neuen Partnern Irmgarteichen und Walpersdorf wieder [&hellip;]","og_url":"https:\/\/musikkapelle-salchendorf.de\/cf2\/ueber-uns-3\/","og_site_name":"CRAVALLO FFORTISSIMO","article_modified_time":"2024-11-13T15:13:21+00:00","twitter_card":"summary_large_image","twitter_misc":{"Gesch\u00e4tzte Lesezeit":"1\u00a0Minute"},"schema":{"@context":"https:\/\/schema.org","@graph":[{"@type":"WebPage","@id":"https:\/\/musikkapelle-salchendorf.de\/cf2\/ueber-uns-3\/","url":"https:\/\/musikkapelle-salchendorf.de\/cf2\/ueber-uns-3\/","name":"\u00dcber Uns - CRAVALLO FFORTISSIMO","isPartOf":{"@id":"https:\/\/musikkapelle-salchendorf.de\/cf2\/#website"},"datePublished":"2021-08-19T20:10:44+00:00","dateModified":"2024-11-13T15:13:21+00:00","breadcrumb":{"@id":"https:\/\/musikkapelle-salchendorf.de\/cf2\/ueber-uns-3\/#breadcrumb"},"inLanguage":"de","potentialAction":[{"@type":"ReadAction","target":["https:\/\/musikkapelle-salchendorf.de\/cf2\/ueber-uns-3\/"]}]},{"@type":"BreadcrumbList","@id":"https:\/\/musikkapelle-salchendorf.de\/cf2\/ueber-uns-3\/#breadcrumb","itemListElement":[{"@type":"ListItem","position":1,"name":"Startseite","item":"https:\/\/musikkapelle-salchendorf.de\/cf2\/"},{"@type":"ListItem","position":2,"name":"\u00dcber Uns"}]},{"@type":"WebSite","@id":"https:\/\/musikkapelle-salchendorf.de\/cf2\/#website","url":"https:\/\/musikkapelle-salchendorf.de\/cf2\/","name":"CRAVALLO FFORTISSIMO","description":"Jugendorchester der Musikkapellen Salchendorf und Werthenbach","potentialAction":[{"@type":"SearchAction","target":{"@type":"EntryPoint","urlTemplate":"https:\/\/musikkapelle-salchendorf.de\/cf2\/?s={search_term_string}"},"query-input":"required name=search_term_string"}],"inLanguage":"de"}]}},"_links":{"self":[{"href":"https:\/\/musikkapelle-salchendorf.de\/cf2\/wp-json\/wp\/v2\/pages\/103"}],"collection":[{"href":"https:\/\/musikkapelle-salchendorf.de\/cf2\/wp-json\/wp\/v2\/pages"}],"about":[{"href":"https:\/\/musikkapelle-salchendorf.de\/cf2\/wp-json\/wp\/v2\/types\/page"}],"author":[{"embeddable":true,"href":"https:\/\/musikkapelle-salchendorf.de\/cf2\/wp-json\/wp\/v2\/users\/2"}],"replies":[{"embeddable":true,"href":"https:\/\/musikkapelle-salchendorf.de\/cf2\/wp-json\/wp\/v2\/comments?post=103"}],"version-history":[{"count":5,"href":"https:\/\/musikkapelle-salchendorf.de\/cf2\/wp-json\/wp\/v2\/pages\/103\/revisions"}],"predecessor-version":[{"id":453,"href":"https:\/\/musikkapelle-salchendorf.de\/cf2\/wp-json\/wp\/v2\/pages\/103\/revisions\/453"}],"wp:attachment":[{"href":"https:\/\/musikkapelle-salchendorf.de\/cf2\/wp-json\/wp\/v2\/media?parent=103"}],"curies":[{"name":"wp","href":"https:\/\/api.w.org\/{rel}","templated":true}]}}